{"id":328,"date":"2020-03-19T14:58:22","date_gmt":"2020-03-19T13:58:22","guid":{"rendered":"https:\/\/conciergerie.boulonnaise.fr\/index.php\/about\/"},"modified":"2021-10-05T11:25:26","modified_gmt":"2021-10-05T09:25:26","slug":"qui-sommes-nous","status":"publish","type":"page","link":"https:\/\/conciergerie.boulonnaise.fr\/index.php\/qui-sommes-nous\/","title":{"rendered":"Qui sommes-nous ?"},"content":{"rendered":"\n<h1>\n\t\t\t\t\tA propos de nous\n\t\t\t\t<\/h1>\n\t<h3>\n\t\t\t\t\tNous pouvons vous aider !\n\t\t\t\t<\/h3>\n\t<h4>\n\t\t\t\t\t<a href=\"https:\/\/conciergerie.boulonnaise.fr\/index.php\/pourquoi-choisir-notre-conciergerie\/\" title=\"Choisir notre conciergerie\" target=\"_self\" rel=\"noopener\">\n\t\t\t\t\t\tChoisir notre conciergerie\n\t\t\t\t\t\t<\/a>\n\t\t\t<\/h4>\n\t\t\tPourquoi une conciergerie&nbsp;?\n\nNotre blanchisserie vous permet de d\u00e9poser votre linge de lits pour du nettoyage mais la conciergerie permet de ne plus vous soucier d&rsquo;avoir du linge.\nIl suffit de louer votre linge.\nLa location du linge vous permet de prendre du linge de lit propre et de rendre le linge sale en une seule visite \u00e0 la Blanchisserie.\n\n\n\nNous cr\u00e9ons une page pour votre location au sein de notre site pour des raison de visibilit\u00e9 et pour des raisons publicitaires. En effet, nous faisons des publicit\u00e9s google et facebook pour notre plateforme de locations de vacances. \u00c7a permet de mutualiser le prix des publicit\u00e9s \u00e0 plusieurs.\nDans le tarif que vous nous payez, nous r\u00e9servons une partie de la somme pour faire de la publicit\u00e9 pour nos adh\u00e9rents. Ceci explique le tarif au mois que vous payez.\nNous avons une \u00e9quipe de jeunes techniciens sp\u00e9cialiste de la photo et de la retouche d&rsquo;images.\nSi vous avez des photos, ils les am\u00e9lioreront quand c&rsquo;est possible.\nIls peuvent aussi passer dans votre logement pour faire des photos mais aussi un film.\nEt bien s\u00fbr, la grande nouveaut\u00e9, r\u00e9aliser la visite virtuelle de votre logement.\nRien de mieux qu&rsquo;un film ou la visite virtuelle pour mettre en valeur votre logement de vacance et qui permettra au futur vacancier de mieux appr\u00e9cier votre location et la qualit\u00e9 de vos prestations.\n\nAutres avantages que nous vous offrons, une fiche sur google avec une position google maps de votre location de vacance.\nVous serez ainsi mieux localis\u00e9 et mieux positionn\u00e9 dans les r\u00e9sultats de recherche google.\nNotre plus, c&rsquo;est 15 ans d&rsquo;exp\u00e9rience dans le positionnement des sites sur google et les autres moteurs de recherche.\nNotre site e-commerce <a href=\"https:\/\/gravurephoto.com\/\">https:\/\/gravurephoto.com<\/a> est pr\u00e9sent sur internet depuis 2006.\nVous profiterez donc de notre expertise dans le r\u00e9f\u00e9rencement des sites sur les moteurs de recherche&nbsp;: google, qwant, bing etc&#8230;\nDans le m\u00eame esprit que la fiche google, nous pouvons cr\u00e9er votre compte facebook, twitter, pinterest attach\u00e9 \u00e0 votre location meubl\u00e9e. Tout d\u00e9pend de la visibilit\u00e9 que vous souhaitez et de l&rsquo;ind\u00e9pendance que vous souhaitez avoir par rapport au centrales de locations comme airbnb, booking etc&#8230; qui vous prennent 15% du prix de la location par client.\nEn effet, m\u00eame si en apparence airbnb ne prend que 5% sur le bailleur, il prend aussi 10% sur le client donc au final on est bien \u00e0 15% du prix pay\u00e9 par le client.\nGagnez en ind\u00e9pendance&nbsp;!\nLouez par vous m\u00eame&nbsp;!\n\nUne page avec photos et films. (R\u00e9alis\u00e9e par des techniciens infographistes).\nPaiement en ligne possible via paypal ou carte bancaire ou ch\u00e8ques.\nCalendrier ajust\u00e9 et synchronis\u00e9 par nos soins gr\u00e2ce \u00e0 un lien que nous g\u00e9n\u00e9rons et qu&rsquo;il fat mettre sur airbnb, booking etc&#8230; (nous pouvons le faire pour vous).\n\nR\u00e9alisation d&rsquo;une page de pr\u00e9sentation de votre location sur google.\nR\u00e9f\u00e9rencement de votre page gr\u00e0ce \u00e0 notre savoir faire. (15ans de pratique)\nPour cela nous vous proposons de cr\u00e9er&nbsp;:\nLe positionnement de votre logement sur google maps.\nLa r\u00e9alisation d&rsquo;un facebook li\u00e9 \u00e0 votre location de vacance\nLa r\u00e9alisation d&rsquo;un twitter li\u00e9 \u00e0 votre location de vacance\nLa r\u00e9alisation d&rsquo;un pinterest li\u00e9 \u00e0 votre location de vacance\nLes services compl\u00e9mentaires vous permettent un meilleur r\u00e9f\u00e9rencement de votre site vacancier et donc une bonne position sur les r\u00e9sultats de recherche sur google.\n\nSimplement parce que nous faisons le m\u00eame m\u00e9tier que vous. Nous avons quatre appartements et une villa en location de courte dur\u00e9e.\nNotre int\u00e9r\u00eat est le m\u00eame que le votre. Se regrouper dans un site internet plus gros qui gagnera en importance pour google gr\u00e2ce au nombres de locations pr\u00e9sentes sur la plate-forme.\nLa plate-forme ne sera pas \u00e0 nous qui vous offrons de nous rejoindre mais \u00e0 nous tous qui seront pr\u00e9sents dans ce site.\nAutre int\u00e9r\u00eat, nous pourrons faire de la publicit\u00e9 pour notre plate-forme qui profitera \u00e0 tout le monde.\nC&rsquo;est la raison pour laquelle nous vous demandons de payer mensuellement la pr\u00e9sence de votre location sur le site&nbsp;: locations-boulonnaise.fr\nMais le principal int\u00e9r\u00eat est de nous regrouper pour faire face aux plate-formes qui prennent d&rsquo;importants frais et de louer par nous m\u00eame gr\u00e2ce \u00e0 notre site de location en ligne.\nREJOIGNEZ NOUS ET FAISONS L&rsquo;EXPERIENCE D&rsquo;INTEGRER UN NOUVEAU MODE DE LOCATION EN LIGNE DE NOS LOGEMENTS DE VACANCE&nbsp;\n\t<h3>\n\t\t\t\t\tNos services\n\t\t\t\t<\/h3>\n\t<ul>\n\t\t<li>\t\t\t\t\n\t\t<\/li><li>\t\t\t\t\n\t\t<\/li><li>\t\t\t\t\n\t\t<\/li>\t<\/ul>\n\t<ul>\n\t\t<li>\t\t\t\t\n\t\t<\/li><li>\t\t\t\t\n\t\t<\/li><li>\t\t\t\t\n\t\t<\/li>\t<\/ul>\n\t\t\t\t<img src=\"https:\/\/conciergerie.boulonnaise.fr\/wp-content\/uploads\/2021\/05\/pexels-burst-545012-scaled.jpg\" alt=\"location linge de lit\" itemprop=\"image\">\n\t\t\t\t<img src=\"https:\/\/conciergerie.boulonnaise.fr\/wp-content\/uploads\/2021\/05\/1.jpg\" alt=\"location de linge\" itemprop=\"image\">\n\t<h4>\n\t\t\t\t\tVotre location saisonni\u00e8re\n\t\t\t\t<\/h4>\n\t\t\t<p>Nous r\u00e9alisons avec vous !<\/p>\n<p>Le site internet de votre location saisonni\u00e8re.&nbsp;<\/p>\n<p>Les photos et les films et la visite virtuelle de votre logement.<\/p>\n\t<h4>\n\t\t\t\t\tVisibilit\u00e9 de votre site\n\t\t\t\t<\/h4>\n\t\t\t<p>Gr\u00e2ce \u00e0 notre connaissance du r\u00e9f\u00e9rencement sur google, votre site sera visible sur internet par les voyageurs afin d&rsquo;\u00e9viter les frais des sites \u00e0 p\u00e9age comme airbnb etc&#8230;<\/p>\n\t<h4>\n\t\t\t\t\tPlate-forme de location\n\t\t\t\t<\/h4>\n\t\t\t<p>Votre site sera pr\u00e9sent sur notre plate-forme de location afin de nous permettre d&rsquo;en faire la publicit\u00e9 nous m\u00eame et de vous offrir une visibilit\u00e9 optimale.<\/p>\n","protected":false},"excerpt":{"rendered":"<p>A propos de nous Nous pouvons vous aider ! Choisir notre conciergerie Pourquoi une conciergerie&nbsp;? Notre blanchisserie vous permet de d\u00e9poser votre linge de lits pour du nettoyage mais la conciergerie permet de ne plus vous soucier d&rsquo;avoir du linge. Il suffit de louer votre linge. La location du linge vous permet de prendre du &hellip;<\/p>\n<p class=\"read-more\"> <a class=\"\" href=\"https:\/\/conciergerie.boulonnaise.fr\/index.php\/qui-sommes-nous\/\"> <span class=\"screen-reader-text\">Qui sommes-nous ?<\/span> Lire la suite\u00a0\u00bb<\/a><\/p>\n","protected":false},"author":1,"featured_media":0,"parent":0,"menu_order":0,"comment_status":"closed","ping_status":"closed","template":"","meta":[],"_links":{"self":[{"href":"https:\/\/conciergerie.boulonnaise.fr\/index.php\/wp-json\/wp\/v2\/pages\/328"}],"collection":[{"href":"https:\/\/conciergerie.boulonnaise.fr\/index.php\/wp-json\/wp\/v2\/pages"}],"about":[{"href":"https:\/\/conciergerie.boulonnaise.fr\/index.php\/wp-json\/wp\/v2\/types\/page"}],"author":[{"embeddable":true,"href":"https:\/\/conciergerie.boulonnaise.fr\/index.php\/wp-json\/wp\/v2\/users\/1"}],"replies":[{"embeddable":true,"href":"https:\/\/conciergerie.boulonnaise.fr\/index.php\/wp-json\/wp\/v2\/comments?post=328"}],"version-history":[{"count":16,"href":"https:\/\/conciergerie.boulonnaise.fr\/index.php\/wp-json\/wp\/v2\/pages\/328\/revisions"}],"predecessor-version":[{"id":680,"href":"https:\/\/conciergerie.boulonnaise.fr\/index.php\/wp-json\/wp\/v2\/pages\/328\/revisions\/680"}],"wp:attachment":[{"href":"https:\/\/conciergerie.boulonnaise.fr\/index.php\/wp-json\/wp\/v2\/media?parent=328"}],"curies":[{"name":"wp","href":"https:\/\/api.w.org\/{rel}","templated":true}]}}