{"id":346,"date":"2021-05-01T13:00:27","date_gmt":"2021-05-01T11:00:27","guid":{"rendered":"https:\/\/conciergerie.boulonnaise.fr\/?page_id=346"},"modified":"2021-05-01T13:00:27","modified_gmt":"2021-05-01T11:00:27","slug":"pourquoi-choisir-notre-conciergerie","status":"publish","type":"page","link":"https:\/\/conciergerie.boulonnaise.fr\/index.php\/pourquoi-choisir-notre-conciergerie\/","title":{"rendered":"Pourquoi Choisir notre conciergerie ?"},"content":{"rendered":"\n\n\n<p>Les services de conciergerie pour votre LMNP.<\/p>\n\n\n\n<p>Vous souhaitez louer votre logement sur une plateforme de type Airbnb ou Booking.<\/p>\n\n\n\n<p>Profitez de nos 5 ans d\u2019exp\u00e9rience dans la location meubl\u00e9e.<\/p>\n\n\n\n<p>La premi\u00e8re chose \u00e0 voir est le statut social de votre location. La LMNP est aujourd\u2019hui de plus en plus soumise \u00e0 des r\u00e9formes. Nous pourrons vous conseiller \u00e0 partir de nos connaissances du terrain.<\/p>\n\n\n\n<p>Exemple&nbsp;: Si vous \u00eates un particulier et que vous remplissez ces 2 conditions&nbsp;:<\/p>\n\n\n\n<ul><li><strong>Les revenus g\u00e9n\u00e9r\u00e9s par votre bien en location ne d\u00e9passent pas 23\u00a0000\u20ac\/an<\/strong><\/li><li><strong>Les revenus g\u00e9n\u00e9r\u00e9s par votre location ne d\u00e9passent pas 50% des revenus <strong>du foyer (salaires ou autres).<\/strong><\/strong><\/li><\/ul>\n\n\n\n<p><\/p>\n\n\n\n<p>Alors votre logement est \u00e9ligible au&nbsp;<strong>statut de location meubl\u00e9e non professionnelle<\/strong>. Ce statut est tr\u00e8s avantageux et vous permet de ne pas payer de charges sociales sur les revenus g\u00e9n\u00e9r\u00e9s par votre bien.<\/p>\n\n\n\n<p>Concernant les imp\u00f4ts sur le revenu.<\/p>\n\n\n\n<p><strong><u>Deux cas\u00a0:<\/u><\/strong> Vous choisissez un forfait \u00e0 50% mais gr\u00e2ce \u00e0 nos conseils, vous pouvez m\u00eame atteindre un forfait de 70% r\u00e9serv\u00e9e aux locations de vacances.<\/p>\n\n\n\n<p>Vous choisissez le r\u00e9el simplifi\u00e9 et nous vous conseillons de faire appel \u00e0 un cabinet comptable.<\/p>\n\n\n\n<p><strong><u>Attention&nbsp;:<\/u><\/strong> De nombreux changements interviennent ces derniers temps et il est de plus en plus difficile de ne pas payer de charges sociales. Profitez de notre exp\u00e9rience, nous r\u00e9pondrons \u00e0 vos questions.<\/p>\n\n\n\n<p>Vous souhaitez passer le moins de temps possible \u00e0 g\u00e9rer vos locations&nbsp;? Saviez-vous qu\u2019il existe des conciergeries qui peuvent s\u2019occuper de votre location&nbsp;?<\/p>\n\n\n\n<p>FAITES APPEL A NOTRE CONCIERGERIE<\/p>\n\n\n\n<h3>Pourquoi choisir notre conciergerie&nbsp;?<\/h3>\n\n\n\n<h4>D\u2019abord parce que nous sommes nous m\u00eame loueur de meubl\u00e9s touristiques.<\/h4>\n\n\n\n<h4>Ensuite parce que nous poss\u00e9dons notre propre blanchisserie et notre propre guichet d\u2019accueil en centre ville de Boulogne sur mer.<\/h4>\n\n\n\n<p>Les services aux voyageurs<\/p>\n\n\n\n<ul><li>Pour Communiquer avec les vacanciers<\/li><li>Pour Accueillir les vacanciers<\/li><li>Pour vous fournir le linge de maison en location<\/li><li>Pour remettre les cl\u00e9s<\/li><\/ul>\n\n\n\n<p>Les services de publicit\u00e9\u00a0:<\/p>\n\n\n\n<ul><li>Cr\u00e9ation de l\u2019annonce sur les diff\u00e9rentes plates formes de location. (airbnb, abritel&#8230;).<\/li><li>R\u00e9alisation de votre site internet personnel sur notre plateforme.<\/li><li>Prise des photos de votre logement.<\/li><li>Visite virtuelle de votre logement gr\u00e2ce \u00e0 notre mat\u00e9riel de prise de vue.<\/li><\/ul>\n\n\n\n<p>Nos conseils gratuits (Notre exp\u00e9rience) :<\/p>\n\n\n\n<ul><li>Conseil sur le statut de la LMNP.<\/li><li>Conseil sur le statut de la LMP.<\/li><li>Autres statuts possibles.<\/li><\/ul>\n\n\n\n<p>Nos services compl\u00e9mentaires :<\/p>\n\n\n\n<ul><li>Petits travaux.<\/li><li>Aide \u00e0 la r\u00e9daction de vos descriptifs de logements<\/li><\/ul>\n\n\n\n<p>Nos conseils sont le fruit de notre exp\u00e9rience personnel. Pour les projets tr\u00e8s pouss\u00e9s et complexes, nous vous conseillons de faire appel \u00e0 un expert comptable ou \u00e0 un cabinet d&rsquo;avocat sp\u00e9cialis\u00e9 dans l&rsquo;immobilier.<\/p>\n\n\n\n<p>Notre m\u00e9tier est de vous permettre d&rsquo;\u00e9viter le stress de la gestion de votre location meubl\u00e9e. De vous permettre d&rsquo;apparaitre de fa\u00e7on optimal sur internet et enfin de vous conseiller pour payer un minimum de charges et d&rsquo;impots.<\/p>\n\n\n\n<p>Affranchissez-vous des soucis du quotidien, confiez nous la publicit\u00e9 de votre location, le nettoyage de votre linge de lit, la remise des cl\u00e9s et bien d\u2019autres services.<\/p>\n\n\n\n<p>N\u2019h\u00e9sitez pas \u00e0 nous contacter pour plus d\u2019informations.<\/p>\n","protected":false},"excerpt":{"rendered":"<p>Les services de conciergerie pour votre LMNP. Vous souhaitez louer votre logement sur une plateforme de type Airbnb ou Booking. Profitez de nos 5 ans d\u2019exp\u00e9rience dans la location meubl\u00e9e. La premi\u00e8re chose \u00e0 voir est le statut social de votre location. La LMNP est aujourd\u2019hui de plus en plus soumise \u00e0 des r\u00e9formes. Nous &hellip;<\/p>\n<p class=\"read-more\"> <a class=\"\" href=\"https:\/\/conciergerie.boulonnaise.fr\/index.php\/pourquoi-choisir-notre-conciergerie\/\"> <span class=\"screen-reader-text\">Pourquoi Choisir notre conciergerie ?<\/span> Lire la suite\u00a0\u00bb<\/a><\/p>\n","protected":false},"author":1,"featured_media":0,"parent":0,"menu_order":0,"comment_status":"closed","ping_status":"closed","template":"","meta":[],"_links":{"self":[{"href":"https:\/\/conciergerie.boulonnaise.fr\/index.php\/wp-json\/wp\/v2\/pages\/346"}],"collection":[{"href":"https:\/\/conciergerie.boulonnaise.fr\/index.php\/wp-json\/wp\/v2\/pages"}],"about":[{"href":"https:\/\/conciergerie.boulonnaise.fr\/index.php\/wp-json\/wp\/v2\/types\/page"}],"author":[{"embeddable":true,"href":"https:\/\/conciergerie.boulonnaise.fr\/index.php\/wp-json\/wp\/v2\/users\/1"}],"replies":[{"embeddable":true,"href":"https:\/\/conciergerie.boulonnaise.fr\/index.php\/wp-json\/wp\/v2\/comments?post=346"}],"version-history":[{"count":1,"href":"https:\/\/conciergerie.boulonnaise.fr\/index.php\/wp-json\/wp\/v2\/pages\/346\/revisions"}],"predecessor-version":[{"id":347,"href":"https:\/\/conciergerie.boulonnaise.fr\/index.php\/wp-json\/wp\/v2\/pages\/346\/revisions\/347"}],"wp:attachment":[{"href":"https:\/\/conciergerie.boulonnaise.fr\/index.php\/wp-json\/wp\/v2\/media?parent=346"}],"curies":[{"name":"wp","href":"https:\/\/api.w.org\/{rel}","templated":true}]}}