{"id":528,"date":"2021-06-30T16:15:18","date_gmt":"2021-06-30T14:15:18","guid":{"rendered":"https:\/\/conciergerie.boulonnaise.fr\/?page_id=528"},"modified":"2021-07-02T10:24:08","modified_gmt":"2021-07-02T08:24:08","slug":"528-2","status":"publish","type":"page","link":"https:\/\/conciergerie.boulonnaise.fr\/index.php\/528-2\/","title":{"rendered":"Cat\u00e9gories"},"content":{"rendered":"\n\n\t<h4>Linge de lit<\/h4>\n\t\t\t\t<img loading=\"lazy\" src=\"https:\/\/conciergerie.boulonnaise.fr\/wp-content\/uploads\/2021\/05\/pexels-burst-545012-scaled.jpg\" alt=\"location linge de lit\" itemprop=\"image\" height=\"1706\" width=\"2560\" title=\"location linge de lit\" onerror=\"this.style.display='none'\"  \/>\n\t\t\t<a href=\"https:\/\/conciergerie.boulonnaise.fr\/index.php\/linge-de-lit\/\" target=\"_self\" role=\"button\" rel=\"noopener\">\n\t\t\t\t\t\t\tJe d\u00e9couvre\n\t\t\t\t\t<\/a>\n\t<h4>Linge de toilette<\/h4>\n\t\t\t\t<img loading=\"lazy\" src=\"https:\/\/conciergerie.boulonnaise.fr\/wp-content\/uploads\/2021\/07\/towels-4537954_1920.jpg\" alt=\"serviettes\" itemprop=\"image\" height=\"1277\" width=\"1920\" title=\"serviettes\" onerror=\"this.style.display='none'\"  \/>\n\t\t\t<a href=\"https:\/\/conciergerie.boulonnaise.fr\/index.php\/linge-de-toilette\/\" target=\"_self\" role=\"button\" rel=\"noopener\">\n\t\t\t\t\t\t\tJe d\u00e9couvre\n\t\t\t\t\t<\/a>\n\t<h4>Linge de table<\/h4>\n\t\t\t\t<img loading=\"lazy\" src=\"https:\/\/conciergerie.boulonnaise.fr\/wp-content\/uploads\/2021\/07\/nappe-scaled.jpg\" alt=\"nappe\" itemprop=\"image\" height=\"1707\" width=\"2560\" title=\"nappe\" onerror=\"this.style.display='none'\"  \/>\n\t\t\t<a href=\"https:\/\/conciergerie.boulonnaise.fr\/index.php\/linge-de-table\/\" target=\"_self\" role=\"button\" rel=\"noopener\">\n\t\t\t\t\t\t\tJe d\u00e9couvre\n\t\t\t\t\t<\/a>\n\t<h4>Kit de linge Lit, toilette<\/h4>\n\t\t\t\t<img loading=\"lazy\" src=\"https:\/\/conciergerie.boulonnaise.fr\/wp-content\/uploads\/2021\/07\/folded-towels-on-the-bed-scaled.jpg\" alt=\"location linge en kit\" itemprop=\"image\" height=\"1707\" width=\"2560\" title=\"linge en kit\" onerror=\"this.style.display='none'\"  \/>\n\t\t\t<a href=\"https:\/\/conciergerie.boulonnaise.fr\/index.php\/kit-complet\/\" target=\"_self\" role=\"button\" rel=\"noopener\">\n\t\t\t\t\t\t\tJe d\u00e9couvre\n\t\t\t\t\t<\/a>\n\n","protected":false},"excerpt":{"rendered":"<p>Linge de lit Je d\u00e9couvre Linge de toilette Je d\u00e9couvre Linge de table Je d\u00e9couvre Kit de linge Lit, toilette Je d\u00e9couvre<\/p>\n","protected":false},"author":1,"featured_media":0,"parent":0,"menu_order":0,"comment_status":"closed","ping_status":"closed","template":"","meta":[],"_links":{"self":[{"href":"https:\/\/conciergerie.boulonnaise.fr\/index.php\/wp-json\/wp\/v2\/pages\/528"}],"collection":[{"href":"https:\/\/conciergerie.boulonnaise.fr\/index.php\/wp-json\/wp\/v2\/pages"}],"about":[{"href":"https:\/\/conciergerie.boulonnaise.fr\/index.php\/wp-json\/wp\/v2\/types\/page"}],"author":[{"embeddable":true,"href":"https:\/\/conciergerie.boulonnaise.fr\/index.php\/wp-json\/wp\/v2\/users\/1"}],"replies":[{"embeddable":true,"href":"https:\/\/conciergerie.boulonnaise.fr\/index.php\/wp-json\/wp\/v2\/comments?post=528"}],"version-history":[{"count":11,"href":"https:\/\/conciergerie.boulonnaise.fr\/index.php\/wp-json\/wp\/v2\/pages\/528\/revisions"}],"predecessor-version":[{"id":604,"href":"https:\/\/conciergerie.boulonnaise.fr\/index.php\/wp-json\/wp\/v2\/pages\/528\/revisions\/604"}],"wp:attachment":[{"href":"https:\/\/conciergerie.boulonnaise.fr\/index.php\/wp-json\/wp\/v2\/media?parent=528"}],"curies":[{"name":"wp","href":"https:\/\/api.w.org\/{rel}","templated":true}]}}