{"id":681,"date":"2021-10-05T11:46:52","date_gmt":"2021-10-05T09:46:52","guid":{"rendered":"https:\/\/conciergerie.boulonnaise.fr\/?page_id=681"},"modified":"2021-10-06T14:34:11","modified_gmt":"2021-10-06T12:34:11","slug":"nos-services","status":"publish","type":"page","link":"https:\/\/conciergerie.boulonnaise.fr\/index.php\/nos-services\/","title":{"rendered":"Nos services"},"content":{"rendered":"\n<h2>\n\t\t\u00c0 la carte\n\t<\/h2>\n\t\t\t\t<img loading=\"lazy\" src=\"https:\/\/conciergerie.boulonnaise.fr\/wp-content\/uploads\/2021\/10\/pexels-photomix-company-101808-scaled.jpg\" alt=\"\u00c0 la carte\" itemprop=\"image\" height=\"1707\" width=\"2560\" title=\"\u00c0 la carte\" onerror=\"this.style.display='none'\"  \/>\n\t<p>Profitez de nos prestations \u00e0 la carte; remise de cl\u00e9, accueil, m\u00e9nage, location de linge<\/p>\n\t\t\t<a href=\"https:\/\/conciergerie.boulonnaise.fr\/index.php\/a-la-carte\/\" target=\"_self\" role=\"button\" rel=\"noopener\">\n\t\t\t\t\t\t\tJe d\u00e9couvre\n\t\t\t\t\t<\/a>\n<h2>\n\t\tEssentiel\n\t<\/h2>\n\t\t\t\t<img loading=\"lazy\" src=\"https:\/\/conciergerie.boulonnaise.fr\/wp-content\/uploads\/2021\/10\/kitchen-g19b20d94c_1920.jpg\" alt=\"tarif essentiel\" itemprop=\"image\" height=\"1275\" width=\"1920\" title=\"tarif essentiel\" onerror=\"this.style.display='none'\"  \/>\n\t<p>Profitez de nos prestations \u00e0 la carte; remise de cl\u00e9, accueil, m\u00e9nage, location de linge<\/p>\n\t\t\t<a href=\"https:\/\/conciergerie.boulonnaise.fr\/index.php\/essentiel\/\" target=\"_self\" role=\"button\" rel=\"noopener\">\n\t\t\t\t\t\t\tJe d\u00e9couvre\n\t\t\t\t\t<\/a>\n<h2>\n\t\tTranquilit\u00e9\n\t<\/h2>\n\t\t\t\t<img loading=\"lazy\" src=\"https:\/\/conciergerie.boulonnaise.fr\/wp-content\/uploads\/2021\/10\/house-g70f864147_1920.jpg\" alt=\"tarif tranquilit\u00e9\" itemprop=\"image\" height=\"1279\" width=\"1920\" title=\"tarif tranquilit\u00e9\" onerror=\"this.style.display='none'\"  \/>\n\t<p>Profitez de nos prestations \u00e0 la carte; remise de cl\u00e9, accueil, m\u00e9nage, location de linge<\/p>\n\t\t\t<a href=\"https:\/\/conciergerie.boulonnaise.fr\/index.php\/tranquilite\/\" target=\"_self\" role=\"button\" rel=\"noopener\">\n\t\t\t\t\t\t\tJe d\u00e9couvre\n\t\t\t\t\t<\/a>\n\n","protected":false},"excerpt":{"rendered":"<p>\u00c0 la carte Profitez de nos prestations \u00e0 la carte; remise de cl\u00e9, accueil, m\u00e9nage, location de linge Je d\u00e9couvre Essentiel Profitez de nos prestations \u00e0 la carte; remise de cl\u00e9, accueil, m\u00e9nage, location de linge Je d\u00e9couvre Tranquilit\u00e9 Profitez de nos prestations \u00e0 la carte; remise de cl\u00e9, accueil, m\u00e9nage, location de linge Je &hellip;<\/p>\n<p class=\"read-more\"> <a class=\"\" href=\"https:\/\/conciergerie.boulonnaise.fr\/index.php\/nos-services\/\"> <span class=\"screen-reader-text\">Nos services<\/span> Lire la suite\u00a0\u00bb<\/a><\/p>\n","protected":false},"author":6,"featured_media":0,"parent":0,"menu_order":0,"comment_status":"closed","ping_status":"closed","template":"","meta":[],"_links":{"self":[{"href":"https:\/\/conciergerie.boulonnaise.fr\/index.php\/wp-json\/wp\/v2\/pages\/681"}],"collection":[{"href":"https:\/\/conciergerie.boulonnaise.fr\/index.php\/wp-json\/wp\/v2\/pages"}],"about":[{"href":"https:\/\/conciergerie.boulonnaise.fr\/index.php\/wp-json\/wp\/v2\/types\/page"}],"author":[{"embeddable":true,"href":"https:\/\/conciergerie.boulonnaise.fr\/index.php\/wp-json\/wp\/v2\/users\/6"}],"replies":[{"embeddable":true,"href":"https:\/\/conciergerie.boulonnaise.fr\/index.php\/wp-json\/wp\/v2\/comments?post=681"}],"version-history":[{"count":3,"href":"https:\/\/conciergerie.boulonnaise.fr\/index.php\/wp-json\/wp\/v2\/pages\/681\/revisions"}],"predecessor-version":[{"id":695,"href":"https:\/\/conciergerie.boulonnaise.fr\/index.php\/wp-json\/wp\/v2\/pages\/681\/revisions\/695"}],"wp:attachment":[{"href":"https:\/\/conciergerie.boulonnaise.fr\/index.php\/wp-json\/wp\/v2\/media?parent=681"}],"curies":[{"name":"wp","href":"https:\/\/api.w.org\/{rel}","templated":true}]}}