{"id":630,"date":"2021-07-12T09:03:36","date_gmt":"2021-07-12T07:03:36","guid":{"rendered":"https:\/\/conciergerie.boulonnaise.fr\/?post_type=product&#038;p=630"},"modified":"2026-03-04T00:10:54","modified_gmt":"2026-03-03T23:10:54","slug":"kit-lit-160-x-200","status":"publish","type":"product","link":"https:\/\/conciergerie.boulonnaise.fr\/index.php\/produit\/kit-lit-160-x-200\/","title":{"rendered":"Kit grand lit 160&#215;200"},"content":{"rendered":"<div class=\"woocommerce-product-details__short-description\">\n<p>Location d\u2019un kit grand lit 2 personnes.<\/p>\n<p>Contient tout le n\u00e9cessaire pour un grand lit 2 personnes :<\/p>\n<p>1 Drap housse 160&#215;200 cm, 1 housse de couette270x275 cm, 2 taies d\u2019oreiller 65&#215;65 cm.<\/p>\n<div class=\"woocommerce-product-details__short-description\">\n<p>2 tarifs selon le temps de location.<\/p>\n<ul>\n<li>de 1 \u00e0 7 jours\u00a0 :\u00a0 13,10 \u20ac<\/li>\n<li>de 8 \u00e0 15 jours\u00a0 :\u00a0 14,60 \u20ac<\/li>\n<\/ul>\n<p>&nbsp;<\/p>\n<\/div>\n<\/div>\n","protected":false},"excerpt":{"rendered":"<p>Kit de lit comprenant 1 housse de couette, 1 drap housse et 2 taies d&rsquo;oreillers.<\/p>\n<p>Convient pour la location.<\/p>\n<p>Le linge est retir\u00e9 \u00e0 la blanchisserie, et report\u00e9 apr\u00e8s l&rsquo;utilisation pour \u00eatre lav\u00e9, repass\u00e9.<\/p>\n<p>Le prix comprend toutes ces prestations.<\/p>\n","protected":false},"featured_media":626,"comment_status":"open","ping_status":"closed","template":"","meta":[],"product_cat":[40,43,47],"product_tag":[],"_links":{"self":[{"href":"https:\/\/conciergerie.boulonnaise.fr\/index.php\/wp-json\/wp\/v2\/product\/630"}],"collection":[{"href":"https:\/\/conciergerie.boulonnaise.fr\/index.php\/wp-json\/wp\/v2\/product"}],"about":[{"href":"https:\/\/conciergerie.boulonnaise.fr\/index.php\/wp-json\/wp\/v2\/types\/product"}],"replies":[{"embeddable":true,"href":"https:\/\/conciergerie.boulonnaise.fr\/index.php\/wp-json\/wp\/v2\/comments?post=630"}],"wp:featuredmedia":[{"embeddable":true,"href":"https:\/\/conciergerie.boulonnaise.fr\/index.php\/wp-json\/wp\/v2\/media\/626"}],"wp:attachment":[{"href":"https:\/\/conciergerie.boulonnaise.fr\/index.php\/wp-json\/wp\/v2\/media?parent=630"}],"wp:term":[{"taxonomy":"product_cat","embeddable":true,"href":"https:\/\/conciergerie.boulonnaise.fr\/index.php\/wp-json\/wp\/v2\/product_cat?post=630"},{"taxonomy":"product_tag","embeddable":true,"href":"https:\/\/conciergerie.boulonnaise.fr\/index.php\/wp-json\/wp\/v2\/product_tag?post=630"}],"curies":[{"name":"wp","href":"https:\/\/api.w.org\/{rel}","templated":true}]}}